{"id":36156,"date":"2023-01-05T11:12:37","date_gmt":"2023-01-05T17:12:37","guid":{"rendered":"https:\/\/cig.industriaguate.com\/?page_id=36156"},"modified":"2023-01-05T11:56:13","modified_gmt":"2023-01-05T17:56:13","slug":"liderazgo-transformacional","status":"publish","type":"page","link":"https:\/\/cig.industriaguate.com\/en\/liderazgo-transformacional\/","title":{"rendered":"Liderazgo Transformacional. Clave para el Logro de Resultados"},"content":{"rendered":"\t\t<div data-elementor-type=\"wp-page\" data-elementor-id=\"36156\" class=\"elementor elementor-36156\" data-elementor-post-type=\"page\">\n\t\t\t\t\t\t<section class=\"elementor-section elementor-top-section elementor-element elementor-element-798760c2 elementor-section-boxed elementor-section-height-default elementor-section-height-default\" data-id=\"798760c2\" data-element_type=\"section\" data-e-type=\"section\">\n\t\t\t\t\t\t<div class=\"elementor-container elementor-column-gap-default\">\n\t\t\t\t\t<div class=\"elementor-column elementor-col-50 elementor-top-column elementor-element elementor-element-403560e7\" data-id=\"403560e7\" data-element_type=\"column\" data-e-type=\"column\">\n\t\t\t<div class=\"elementor-widget-wrap elementor-element-populated\">\n\t\t\t\t\t\t<div class=\"elementor-element elementor-element-294368d0 elementor-widget elementor-widget-image\" data-id=\"294368d0\" data-element_type=\"widget\" data-e-type=\"widget\" data-widget_type=\"image.default\">\n\t\t\t\t<div class=\"elementor-widget-container\">\n\t\t\t\t\t\t\t\t\t\t\t\t\t\t\t\t<a href=\"mailto:infocapacitacion@industriaguate.com\">\n\t\t\t\t\t\t\t<img fetchpriority=\"high\" decoding=\"async\" width=\"700\" height=\"947\" src=\"https:\/\/cig.industriaguate.com\/wp-content\/uploads\/2023\/01\/3.-Liderazgo-Transformacional.-Clave-para-el-Logro-de-Resultados-1.jpg\" class=\"attachment-large size-large wp-image-36121\" alt=\"\" srcset=\"https:\/\/cig.industriaguate.com\/wp-content\/uploads\/2023\/01\/3.-Liderazgo-Transformacional.-Clave-para-el-Logro-de-Resultados-1.jpg 700w, https:\/\/cig.industriaguate.com\/wp-content\/uploads\/2023\/01\/3.-Liderazgo-Transformacional.-Clave-para-el-Logro-de-Resultados-1-222x300.jpg 222w, https:\/\/cig.industriaguate.com\/wp-content\/uploads\/2023\/01\/3.-Liderazgo-Transformacional.-Clave-para-el-Logro-de-Resultados-1-9x12.jpg 9w\" sizes=\"(max-width: 700px) 100vw, 700px\" \/>\t\t\t\t\t\t\t\t<\/a>\n\t\t\t\t\t\t\t\t\t\t\t\t\t\t\t<\/div>\n\t\t\t\t<\/div>\n\t\t\t\t\t<\/div>\n\t\t<\/div>\n\t\t\t\t<div class=\"elementor-column elementor-col-50 elementor-top-column elementor-element elementor-element-1058b3ed\" data-id=\"1058b3ed\" data-element_type=\"column\" data-e-type=\"column\">\n\t\t\t<div class=\"elementor-widget-wrap elementor-element-populated\">\n\t\t\t\t\t\t<section class=\"elementor-section elementor-inner-section elementor-element elementor-element-b82042b elementor-section-boxed elementor-section-height-default elementor-section-height-default\" data-id=\"b82042b\" data-element_type=\"section\" data-e-type=\"section\">\n\t\t\t\t\t\t<div class=\"elementor-container elementor-column-gap-default\">\n\t\t\t\t\t<div class=\"elementor-column elementor-col-100 elementor-inner-column elementor-element elementor-element-1b3ce6a\" data-id=\"1b3ce6a\" data-element_type=\"column\" data-e-type=\"column\">\n\t\t\t<div class=\"elementor-widget-wrap elementor-element-populated\">\n\t\t\t\t\t\t<div class=\"elementor-element elementor-element-2e4e3f1 elementor-icon-list--layout-traditional elementor-list-item-link-full_width elementor-widget elementor-widget-icon-list\" data-id=\"2e4e3f1\" data-element_type=\"widget\" data-e-type=\"widget\" data-widget_type=\"icon-list.default\">\n\t\t\t\t<div class=\"elementor-widget-container\">\n\t\t\t\t\t\t\t<ul class=\"elementor-icon-list-items\">\n\t\t\t\t\t\t\t<li class=\"elementor-icon-list-item\">\n\t\t\t\t\t\t\t\t\t\t<span class=\"elementor-icon-list-text\">Liderazgo Transformacional. Clave para el Logro de Resultados<\/span>\n\t\t\t\t\t\t\t\t\t<\/li>\n\t\t\t\t\t\t<\/ul>\n\t\t\t\t\t\t<\/div>\n\t\t\t\t<\/div>\n\t\t\t\t<div class=\"elementor-element elementor-element-eae57b6 elementor-widget elementor-widget-text-editor\" data-id=\"eae57b6\" data-element_type=\"widget\" data-e-type=\"widget\" data-widget_type=\"text-editor.default\">\n\t\t\t\t<div class=\"elementor-widget-container\">\n\t\t\t\t\t\t\t\t\t<p><b style=\"font-size: 14pt;\">Gesti\u00f3n del talento humano<\/b><span style=\"font-size: 18.6667px;\"><b><br \/><\/b><\/span><span style=\"font-family: var( --e-global-typography-text-font-family ), Sans-serif; font-size: var( --e-global-typography-text-font-size ); font-weight: var( --e-global-typography-text-font-weight ); letter-spacing: var( --e-global-typography-text-letter-spacing );\">Clave para el logro de resultados.<br \/><\/span><\/p>\t\t\t\t\t\t\t\t<\/div>\n\t\t\t\t<\/div>\n\t\t\t\t<div class=\"elementor-element elementor-element-c757f35 elementor-widget elementor-widget-spacer\" data-id=\"c757f35\" data-element_type=\"widget\" data-e-type=\"widget\" data-widget_type=\"spacer.default\">\n\t\t\t\t<div class=\"elementor-widget-container\">\n\t\t\t\t\t\t\t<div class=\"elementor-spacer\">\n\t\t\t<div class=\"elementor-spacer-inner\"><\/div>\n\t\t<\/div>\n\t\t\t\t\t\t<\/div>\n\t\t\t\t<\/div>\n\t\t\t\t\t<\/div>\n\t\t<\/div>\n\t\t\t\t\t<\/div>\n\t\t<\/section>\n\t\t\t\t<div class=\"elementor-element elementor-element-7791fd6a elementor-align-justify elementor-widget elementor-widget-button\" data-id=\"7791fd6a\" data-element_type=\"widget\" data-e-type=\"widget\" data-widget_type=\"button.default\">\n\t\t\t\t<div class=\"elementor-widget-container\">\n\t\t\t\t\t\t\t\t\t<div class=\"elementor-button-wrapper\">\n\t\t\t\t\t<a class=\"elementor-button elementor-button-link elementor-size-xl\" href=\"mailto:infocapacitacion@industriaguate.com\" target=\"_blank\">\n\t\t\t\t\t\t<span class=\"elementor-button-content-wrapper\">\n\t\t\t\t\t\t\t\t\t<span class=\"elementor-button-text\">Reg\u00edstrate aqu\u00ed<\/span>\n\t\t\t\t\t<\/span>\n\t\t\t\t\t<\/a>\n\t\t\t\t<\/div>\n\t\t\t\t\t\t\t\t<\/div>\n\t\t\t\t<\/div>\n\t\t\t\t\t<\/div>\n\t\t<\/div>\n\t\t\t\t\t<\/div>\n\t\t<\/section>\n\t\t\t\t<section class=\"elementor-section elementor-top-section elementor-element elementor-element-5c47ab9 elementor-section-boxed elementor-section-height-default elementor-section-height-default\" data-id=\"5c47ab9\" data-element_type=\"section\" data-e-type=\"section\">\n\t\t\t\t\t\t<div class=\"elementor-container elementor-column-gap-default\">\n\t\t\t\t\t<div class=\"elementor-column elementor-col-66 elementor-top-column elementor-element elementor-element-896406a\" data-id=\"896406a\" data-element_type=\"column\" data-e-type=\"column\">\n\t\t\t<div class=\"elementor-widget-wrap elementor-element-populated\">\n\t\t\t\t\t\t<div class=\"elementor-element elementor-element-068954f elementor-widget elementor-widget-heading\" data-id=\"068954f\" data-element_type=\"widget\" data-e-type=\"widget\" data-widget_type=\"heading.default\">\n\t\t\t\t<div class=\"elementor-widget-container\">\n\t\t\t\t\t<h3 class=\"elementor-heading-title elementor-size-default\">DETALLES<\/h3>\t\t\t\t<\/div>\n\t\t\t\t<\/div>\n\t\t\t\t<div class=\"elementor-element elementor-element-be91952 elementor-widget elementor-widget-spacer\" data-id=\"be91952\" data-element_type=\"widget\" data-e-type=\"widget\" data-widget_type=\"spacer.default\">\n\t\t\t\t<div class=\"elementor-widget-container\">\n\t\t\t\t\t\t\t<div class=\"elementor-spacer\">\n\t\t\t<div class=\"elementor-spacer-inner\"><\/div>\n\t\t<\/div>\n\t\t\t\t\t\t<\/div>\n\t\t\t\t<\/div>\n\t\t\t\t<section class=\"elementor-section elementor-inner-section elementor-element elementor-element-18a8e140 elementor-section-boxed elementor-section-height-default elementor-section-height-default\" data-id=\"18a8e140\" data-element_type=\"section\" data-e-type=\"section\">\n\t\t\t\t\t\t<div class=\"elementor-container elementor-column-gap-default\">\n\t\t\t\t\t<div class=\"elementor-column elementor-col-100 elementor-inner-column elementor-element elementor-element-46f39cec\" data-id=\"46f39cec\" data-element_type=\"column\" data-e-type=\"column\">\n\t\t\t<div class=\"elementor-widget-wrap elementor-element-populated\">\n\t\t\t\t\t\t<div class=\"elementor-element elementor-element-62de8248 elementor-icon-list--layout-traditional elementor-list-item-link-full_width elementor-widget elementor-widget-icon-list\" data-id=\"62de8248\" data-element_type=\"widget\" data-e-type=\"widget\" data-widget_type=\"icon-list.default\">\n\t\t\t\t<div class=\"elementor-widget-container\">\n\t\t\t\t\t\t\t<ul class=\"elementor-icon-list-items\">\n\t\t\t\t\t\t\t<li class=\"elementor-icon-list-item\">\n\t\t\t\t\t\t\t\t\t\t\t<span class=\"elementor-icon-list-icon\">\n\t\t\t\t\t\t\t<i aria-hidden=\"true\" class=\"far fa-calendar-alt\"><\/i>\t\t\t\t\t\t<\/span>\n\t\t\t\t\t\t\t\t\t\t<span class=\"elementor-icon-list-text\">Fecha y horario<\/span>\n\t\t\t\t\t\t\t\t\t<\/li>\n\t\t\t\t\t\t<\/ul>\n\t\t\t\t\t\t<\/div>\n\t\t\t\t<\/div>\n\t\t\t\t<div class=\"elementor-element elementor-element-5f661fa2 elementor-widget elementor-widget-text-editor\" data-id=\"5f661fa2\" data-element_type=\"widget\" data-e-type=\"widget\" data-widget_type=\"text-editor.default\">\n\t\t\t\t<div class=\"elementor-widget-container\">\n\t\t\t\t\t\t\t\t\t<ul><li>24, 26, 31 de enero\u00a0 y 02 de febrero 2023<\/li><li>18:30 a 20:30 hrs. (Hora GT)<\/li><\/ul>\t\t\t\t\t\t\t\t<\/div>\n\t\t\t\t<\/div>\n\t\t\t\t\t<\/div>\n\t\t<\/div>\n\t\t\t\t\t<\/div>\n\t\t<\/section>\n\t\t\t\t<div class=\"elementor-element elementor-element-5b837f9 elementor-widget elementor-widget-text-editor\" data-id=\"5b837f9\" data-element_type=\"widget\" data-e-type=\"widget\" data-widget_type=\"text-editor.default\">\n\t\t\t\t<div class=\"elementor-widget-container\">\n\t\t\t\t\t\t\t\t\t<p><span style=\"font-size: 14pt;\"><strong>Descripci\u00f3n:<\/strong><\/span><\/p><p>Los participantes que tomen este programa podr\u00e1n crecer y desarrollar nuevas habilidades de liderazgo que se orientan al logro de resultados, la satisfacci\u00f3n personal y el trabajo en equipo.<\/p>\t\t\t\t\t\t\t\t<\/div>\n\t\t\t\t<\/div>\n\t\t\t\t\t<\/div>\n\t\t<\/div>\n\t\t\t\t<div class=\"elementor-column elementor-col-33 elementor-top-column elementor-element elementor-element-9482268\" data-id=\"9482268\" data-element_type=\"column\" data-e-type=\"column\" data-settings=\"{&quot;background_background&quot;:&quot;classic&quot;}\">\n\t\t\t<div class=\"elementor-widget-wrap elementor-element-populated\">\n\t\t\t\t\t\t<div class=\"elementor-element elementor-element-d63431e elementor-widget elementor-widget-heading\" data-id=\"d63431e\" data-element_type=\"widget\" data-e-type=\"widget\" data-widget_type=\"heading.default\">\n\t\t\t\t<div class=\"elementor-widget-container\">\n\t\t\t\t\t<h3 class=\"elementor-heading-title elementor-size-default\">Facilitadores:<\/h3>\t\t\t\t<\/div>\n\t\t\t\t<\/div>\n\t\t\t\t<div class=\"elementor-element elementor-element-0eebb1e elementor-widget elementor-widget-tme-team_member\" data-id=\"0eebb1e\" data-element_type=\"widget\" data-e-type=\"widget\" data-widget_type=\"tme-team_member.default\">\n\t\t\t\t<div class=\"elementor-widget-container\">\n\t\t\t\t\t        <div class=\"tme-team-member-wrapper\">\n            <div class=\"tme-team-member below-img\">\n                                <a href=\"#tme-lightbox-0eebb1e\" data-elementor-open-lightbox=\"no\" class=\"has-lightbox \">\n                    \n                    <img decoding=\"async\" src=\"https:\/\/cig.industriaguate.com\/wp-content\/uploads\/2023\/01\/Fabiola-Fuentes-Liderazgo-Transformacional-y-Jefe-por-Primera-Vez-225x300.jpeg\" alt=\"Licda Fabiola Aguilar\" \/>\n                                        <div class=\"tme-team-overlay elementor-animation-  \">\n                        <div class=\"tme-team-texts\">\n                                                        <div class=\"tme-team-title  \" data-animation=\"\" data-exit=\"\">\n                                <span>Licda Fabiola Aguilar<\/span>\n                            <\/div>\n                                                                                <\/div>\n                    <\/div>\n                     \n                    \n                <\/a>\n                            <\/div>\n        <\/div>\n                <div id=\"tme-lightbox-0eebb1e\" class=\"tme-lightbox-oembed\">\n                                    <div class=\"tme-lightbox-content\" style=\"max-width:800px;background-color:#ffffff;padding:20px 20px 20px 20px\">\n                <p style=\"text-align: center;\">FACILITADORA DEL CURSO<\/p><p style=\"text-align: center;\">Licda Fabiola Aguilar<\/p>            <\/div>\n                    <\/div>\n\t\t\t\t\t<\/div>\n\t\t\t\t<\/div>\n\t\t\t\t\t<\/div>\n\t\t<\/div>\n\t\t\t\t\t<\/div>\n\t\t<\/section>\n\t\t\t\t<section class=\"elementor-section elementor-top-section elementor-element elementor-element-e77313c elementor-section-boxed elementor-section-height-default elementor-section-height-default\" data-id=\"e77313c\" data-element_type=\"section\" data-e-type=\"section\">\n\t\t\t\t\t\t<div class=\"elementor-container elementor-column-gap-default\">\n\t\t\t\t\t<div class=\"elementor-column elementor-col-100 elementor-top-column elementor-element elementor-element-0ef1c6f\" data-id=\"0ef1c6f\" data-element_type=\"column\" data-e-type=\"column\">\n\t\t\t<div class=\"elementor-widget-wrap elementor-element-populated\">\n\t\t\t\t\t\t<div class=\"elementor-element elementor-element-fb9ed93 elementor-widget elementor-widget-heading\" data-id=\"fb9ed93\" data-element_type=\"widget\" data-e-type=\"widget\" data-widget_type=\"heading.default\">\n\t\t\t\t<div class=\"elementor-widget-container\">\n\t\t\t\t\t<h3 class=\"elementor-heading-title elementor-size-default\">M\u00c1S INFORMACI\u00d3N<\/h3>\t\t\t\t<\/div>\n\t\t\t\t<\/div>\n\t\t\t\t\t<\/div>\n\t\t<\/div>\n\t\t\t\t\t<\/div>\n\t\t<\/section>\n\t\t\t\t<section class=\"elementor-section elementor-top-section elementor-element elementor-element-4a9bbf7a elementor-section-boxed elementor-section-height-default elementor-section-height-default\" data-id=\"4a9bbf7a\" data-element_type=\"section\" data-e-type=\"section\">\n\t\t\t\t\t\t<div class=\"elementor-container elementor-column-gap-default\">\n\t\t\t\t\t<div class=\"elementor-column elementor-col-50 elementor-top-column elementor-element elementor-element-af2a6a7\" data-id=\"af2a6a7\" data-element_type=\"column\" data-e-type=\"column\">\n\t\t\t<div class=\"elementor-widget-wrap elementor-element-populated\">\n\t\t\t\t\t\t<div class=\"elementor-element elementor-element-de124ca elementor-button-align-stretch elementor-widget elementor-widget-form\" data-id=\"de124ca\" data-element_type=\"widget\" data-e-type=\"widget\" data-settings=\"{&quot;step_next_label&quot;:&quot;Siguiente&quot;,&quot;step_previous_label&quot;:&quot;Anterior&quot;,&quot;button_width&quot;:&quot;100&quot;,&quot;step_type&quot;:&quot;number_text&quot;,&quot;step_icon_shape&quot;:&quot;circle&quot;}\" data-widget_type=\"form.default\">\n\t\t\t\t<div class=\"elementor-widget-container\">\n\t\t\t\t\t\t\t<form class=\"elementor-form\" method=\"post\" name=\"Nuevo formulario\" aria-label=\"Nuevo formulario\">\n\t\t\t<input type=\"hidden\" name=\"post_id\" value=\"36156\"\/>\n\t\t\t<input type=\"hidden\" name=\"form_id\" value=\"de124ca\"\/>\n\t\t\t<input type=\"hidden\" name=\"referer_title\" value=\"Liderazgo Transformacional. Clave para el Logro de Resultados\" \/>\n\n\t\t\t\t\t\t\t<input type=\"hidden\" name=\"queried_id\" value=\"36156\"\/>\n\t\t\t\n\t\t\t<div class=\"elementor-form-fields-wrapper elementor-labels-above\">\n\t\t\t\t\t\t\t\t<div class=\"elementor-field-type-text elementor-field-group elementor-column elementor-field-group-name elementor-col-100\">\n\t\t\t\t\t\t\t\t\t\t\t\t<label for=\"form-field-name\" class=\"elementor-field-label\">\n\t\t\t\t\t\t\t\tNombre\t\t\t\t\t\t\t<\/label>\n\t\t\t\t\t\t\t\t\t\t\t\t\t\t<input size=\"1\" type=\"text\" name=\"form_fields[name]\" id=\"form-field-name\" class=\"elementor-field elementor-size-sm  elementor-field-textual\" placeholder=\"Nombre\">\n\t\t\t\t\t\t\t\t\t\t\t<\/div>\n\t\t\t\t\t\t\t\t<div class=\"elementor-field-type-email elementor-field-group elementor-column elementor-field-group-email elementor-col-100 elementor-field-required\">\n\t\t\t\t\t\t\t\t\t\t\t\t<label for=\"form-field-email\" class=\"elementor-field-label\">\n\t\t\t\t\t\t\t\tCorreo electr\u00f3nico\t\t\t\t\t\t\t<\/label>\n\t\t\t\t\t\t\t\t\t\t\t\t\t\t<input size=\"1\" type=\"email\" name=\"form_fields[email]\" id=\"form-field-email\" class=\"elementor-field elementor-size-sm  elementor-field-textual\" placeholder=\"Correo electr\u00f3nico\" required=\"required\">\n\t\t\t\t\t\t\t\t\t\t\t<\/div>\n\t\t\t\t\t\t\t\t<div class=\"elementor-field-type-email elementor-field-group elementor-column elementor-field-group-cursointeres elementor-col-100 elementor-field-required\">\n\t\t\t\t\t\t\t\t\t\t\t\t<label for=\"form-field-cursointeres\" class=\"elementor-field-label\">\n\t\t\t\t\t\t\t\tCurso de inter\u00e9s:\t\t\t\t\t\t\t<\/label>\n\t\t\t\t\t\t\t\t\t\t\t\t\t\t<input size=\"1\" type=\"email\" name=\"form_fields[cursointeres]\" id=\"form-field-cursointeres\" class=\"elementor-field elementor-size-sm  elementor-field-textual\" placeholder=\"Curso de inter\u00e9s\" required=\"required\">\n\t\t\t\t\t\t\t\t\t\t\t<\/div>\n\t\t\t\t\t\t\t\t<div class=\"elementor-field-type-textarea elementor-field-group elementor-column elementor-field-group-message elementor-col-100\">\n\t\t\t\t\t\t\t\t\t\t\t\t<label for=\"form-field-message\" class=\"elementor-field-label\">\n\t\t\t\t\t\t\t\tMensaje\t\t\t\t\t\t\t<\/label>\n\t\t\t\t\t\t<textarea class=\"elementor-field-textual elementor-field  elementor-size-sm\" name=\"form_fields[message]\" id=\"form-field-message\" rows=\"4\" placeholder=\"Mensaje\"><\/textarea>\t\t\t\t<\/div>\n\t\t\t\t\t\t\t\t<div class=\"elementor-field-group elementor-column elementor-field-type-submit elementor-col-100 e-form__buttons\">\n\t\t\t\t\t<button class=\"elementor-button elementor-size-sm\" type=\"submit\">\n\t\t\t\t\t\t<span class=\"elementor-button-content-wrapper\">\n\t\t\t\t\t\t\t\t\t\t\t\t\t\t\t\t\t\t\t\t\t\t<span class=\"elementor-button-text\">Enviar<\/span>\n\t\t\t\t\t\t\t\t\t\t\t\t\t<\/span>\n\t\t\t\t\t<\/button>\n\t\t\t\t<\/div>\n\t\t\t<\/div>\n\t\t<\/form>\n\t\t\t\t\t\t<\/div>\n\t\t\t\t<\/div>\n\t\t\t\t\t<\/div>\n\t\t<\/div>\n\t\t\t\t<div class=\"elementor-column elementor-col-50 elementor-top-column elementor-element elementor-element-1ce0fad1\" data-id=\"1ce0fad1\" data-element_type=\"column\" data-e-type=\"column\">\n\t\t\t<div class=\"elementor-widget-wrap elementor-element-populated\">\n\t\t\t\t\t\t<div class=\"elementor-element elementor-element-4301959a elementor-widget elementor-widget-text-editor\" data-id=\"4301959a\" data-element_type=\"widget\" data-e-type=\"widget\" data-widget_type=\"text-editor.default\">\n\t\t\t\t<div class=\"elementor-widget-container\">\n\t\t\t\t\t\t\t\t\t<div class=\"row\"><div class=\"column\"><p><img decoding=\"async\" class=\"wp-image-23837 alignleft\" src=\"https:\/\/cig.industriaguate.com\/wp-content\/uploads\/2022\/02\/Icono_Contacto.png\" alt=\"\" width=\"100\" height=\"100\" srcset=\"https:\/\/cig.industriaguate.com\/wp-content\/uploads\/2022\/02\/Icono_Contacto.png 255w, https:\/\/cig.industriaguate.com\/wp-content\/uploads\/2022\/02\/Icono_Contacto-150x150.png 150w, https:\/\/cig.industriaguate.com\/wp-content\/uploads\/2022\/02\/Icono_Contacto-60x60.png 60w\" sizes=\"(max-width: 100px) 100vw, 100px\" \/><\/p><\/div><div class=\"column\"><h5><span style=\"color: #3d5fa2;\"><strong>Contacto:<\/strong><\/span><\/h5><p><span style=\"color: #1b3054;\"><strong>Centro de Formaci\u00f3n Empresarial<\/strong><\/span><br \/><span style=\"color: #1b3054;\">PBX: 2380-9000 Ext. 102\/233\/234\/237<\/span><br \/><span style=\"color: #1b3054;\"><a style=\"color: #1b3054;\" href=\"mailto:infocapacitacion@industriaguate.com\" target=\"_blank\" rel=\"noopener\">infocapacitacion@industriaguate.com<\/a><\/span><\/p><\/div><\/div>\t\t\t\t\t\t\t\t<\/div>\n\t\t\t\t<\/div>\n\t\t\t\t\t<\/div>\n\t\t<\/div>\n\t\t\t\t\t<\/div>\n\t\t<\/section>\n\t\t\t\t<section class=\"elementor-section elementor-top-section elementor-element elementor-element-802eb44 elementor-section-boxed elementor-section-height-default elementor-section-height-default\" data-id=\"802eb44\" data-element_type=\"section\" data-e-type=\"section\">\n\t\t\t\t\t\t<div class=\"elementor-container elementor-column-gap-default\">\n\t\t\t\t\t<div class=\"elementor-column elementor-col-100 elementor-top-column elementor-element elementor-element-26472916\" data-id=\"26472916\" data-element_type=\"column\" data-e-type=\"column\">\n\t\t\t<div class=\"elementor-widget-wrap elementor-element-populated\">\n\t\t\t\t\t\t<div class=\"elementor-element elementor-element-704b0240 elementor-widget elementor-widget-spacer\" data-id=\"704b0240\" data-element_type=\"widget\" data-e-type=\"widget\" data-widget_type=\"spacer.default\">\n\t\t\t\t<div class=\"elementor-widget-container\">\n\t\t\t\t\t\t\t<div class=\"elementor-spacer\">\n\t\t\t<div class=\"elementor-spacer-inner\"><\/div>\n\t\t<\/div>\n\t\t\t\t\t\t<\/div>\n\t\t\t\t<\/div>\n\t\t\t\t\t<\/div>\n\t\t<\/div>\n\t\t\t\t\t<\/div>\n\t\t<\/section>\n\t\t\t\t<\/div>\n\t\t","protected":false},"excerpt":{"rendered":"<p>Liderazgo Transformacional. Clave para el Logro de Resultados Gesti\u00f3n del talento humanoClave para el logro de resultados. Reg\u00edstrate aqu\u00ed DETALLES Fecha y horario 24, 26, 31 de enero\u00a0 y 02 de febrero 2023 18:30 a 20:30 hrs. (Hora GT) Descripci\u00f3n: Los participantes que tomen este programa podr\u00e1n crecer y desarrollar nuevas habilidades de liderazgo que [&hellip;]<\/p>\n","protected":false},"author":2,"featured_media":0,"parent":0,"menu_order":0,"comment_status":"closed","ping_status":"closed","template":"elementor_header_footer","meta":{"_acf_changed":false,"content-type":"","footnotes":""},"class_list":["post-36156","page","type-page","status-publish","hentry"],"acf":[],"_links":{"self":[{"href":"https:\/\/cig.industriaguate.com\/en\/wp-json\/wp\/v2\/pages\/36156","targetHints":{"allow":["GET"]}}],"collection":[{"href":"https:\/\/cig.industriaguate.com\/en\/wp-json\/wp\/v2\/pages"}],"about":[{"href":"https:\/\/cig.industriaguate.com\/en\/wp-json\/wp\/v2\/types\/page"}],"author":[{"embeddable":true,"href":"https:\/\/cig.industriaguate.com\/en\/wp-json\/wp\/v2\/users\/2"}],"replies":[{"embeddable":true,"href":"https:\/\/cig.industriaguate.com\/en\/wp-json\/wp\/v2\/comments?post=36156"}],"version-history":[{"count":7,"href":"https:\/\/cig.industriaguate.com\/en\/wp-json\/wp\/v2\/pages\/36156\/revisions"}],"predecessor-version":[{"id":36189,"href":"https:\/\/cig.industriaguate.com\/en\/wp-json\/wp\/v2\/pages\/36156\/revisions\/36189"}],"wp:attachment":[{"href":"https:\/\/cig.industriaguate.com\/en\/wp-json\/wp\/v2\/media?parent=36156"}],"curies":[{"name":"wp","href":"https:\/\/api.w.org\/{rel}","templated":true}]}}